{"id":701,"date":"2011-05-20T18:49:43","date_gmt":"2011-05-21T01:49:43","guid":{"rendered":"http:\/\/wpthemetestdata.wordpress.com\/?page_id=701"},"modified":"2024-11-11T11:56:08","modified_gmt":"2024-11-11T10:56:08","slug":"front-page","status":"publish","type":"page","link":"https:\/\/www.momconsulting.eu\/","title":{"rendered":"Mom Consulting"},"content":{"rendered":"\t\t<div data-elementor-type=\"wp-page\" data-elementor-id=\"701\" class=\"elementor elementor-701\" data-elementor-post-type=\"page\">\n\t\t\t\t\t\t<section class=\"elementor-section elementor-top-section elementor-element elementor-element-4ac4dc9 elementor-section-boxed elementor-section-height-default elementor-section-height-default\" data-id=\"4ac4dc9\" data-element_type=\"section\" data-e-type=\"section\">\n\t\t\t\t\t\t<div class=\"elementor-container elementor-column-gap-default\">\n\t\t\t\t\t<div class=\"elementor-column elementor-col-100 elementor-top-column elementor-element elementor-element-bea9007\" data-id=\"bea9007\" data-element_type=\"column\" data-e-type=\"column\">\n\t\t\t<div class=\"elementor-widget-wrap elementor-element-populated\">\n\t\t\t\t\t\t<div class=\"elementor-element elementor-element-ba5d293 elementor-widget elementor-widget-image\" data-id=\"ba5d293\" data-element_type=\"widget\" data-e-type=\"widget\" data-widget_type=\"image.default\">\n\t\t\t\t<div class=\"elementor-widget-container\">\n\t\t\t\t\t\t\t\t\t\t\t\t\t\t\t<img fetchpriority=\"high\" decoding=\"async\" width=\"1500\" height=\"1000\" src=\"https:\/\/www.momconsulting.eu\/wp-content\/uploads\/2024\/09\/phone-mockup.png\" class=\"attachment-2048x2048 size-2048x2048 wp-image-2036\" alt=\"\" srcset=\"https:\/\/www.momconsulting.eu\/wp-content\/uploads\/2024\/09\/phone-mockup.png 1500w, https:\/\/www.momconsulting.eu\/wp-content\/uploads\/2024\/09\/phone-mockup-300x200.png 300w, https:\/\/www.momconsulting.eu\/wp-content\/uploads\/2024\/09\/phone-mockup-1024x683.png 1024w, https:\/\/www.momconsulting.eu\/wp-content\/uploads\/2024\/09\/phone-mockup-768x512.png 768w\" sizes=\"(max-width: 1500px) 100vw, 1500px\" \/>\t\t\t\t\t\t\t\t\t\t\t\t\t\t\t<\/div>\n\t\t\t\t<\/div>\n\t\t\t\t<div class=\"elementor-element elementor-element-88b4b89 elementor-widget elementor-widget-text-editor\" data-id=\"88b4b89\" data-element_type=\"widget\" data-e-type=\"widget\" data-widget_type=\"text-editor.default\">\n\t\t\t\t<div class=\"elementor-widget-container\">\n\t\t\t\t\t\t\t\t\t<p><em>Per lavorare come segnalatore non serve una partita IVA, quindi puoi farlo occasionalmente anche come privato. Superati i 5000 \u20ac di provvigioni incassate dovrai aprirti la tua partita IVA.<\/em><\/p>\t\t\t\t\t\t\t\t<\/div>\n\t\t\t\t<\/div>\n\t\t\t\t<div class=\"elementor-element elementor-element-ecb9dd0 elementor-widget elementor-widget-text-editor\" data-id=\"ecb9dd0\" data-element_type=\"widget\" data-e-type=\"widget\" data-widget_type=\"text-editor.default\">\n\t\t\t\t<div class=\"elementor-widget-container\">\n\t\t\t\t\t\t\t\t\t<h5>Se hai gi\u00e0 un conoscente da segnalarci puoi partire in quarta subito&#8230; Infatti dopo la richiesta potrai ricevere il link per scaricare la nostra APP e registrarti subito come nostro Segnalatore.<\/h5><div>\u00a0<\/div><h5>Diventare nostro Segnalatore \u00e8 un&#8217;occasione unica per poter ricevere premi esclusivi\u00a0<strong>senza alzare un dito<\/strong>.<\/h5><div>\u00a0<\/div><h5>Il patto \u00e8 semplice, tu ci segnali un potenziale cliente, noi curiamo tutta la trattativa, se il cliente decide di partire con noi, tu riceverai il tuo compenso.<\/h5><h5>L&#8217;App &#8220;<i><b>Mom Consulting<\/b><\/i>&#8221; ti aggiorner\u00e0 sull&#8217;avanzamento della segnalazione in tempo reale, cosi sarai sempre aggiornato su quello che succede.\u00a0<\/h5><div>\u00a0<\/div><h5>Oltre a questo un &#8220;<strong>notaio virtuale<\/strong>&#8221; rappresentato dalla Blockchain Ethereum, valider\u00e0 ogni segnalazione.<\/h5><div>\u00a0<\/div><h5>\u00a0<\/h5><h5>Ora devi solo fare azione e procedere come segue:<\/h5><ol><li><h5>Inserisci i tuoi dati in questa pagina<\/h5><\/li><li><h5>Ricevi la mail con le istruzioni<\/h5><\/li><li><h5>Nella mail troverai il link per scaricare la nostra APP<\/h5><\/li><li><h5>Inizia a fare azione<\/h5><\/li><li><h5>Prenota la tua CALL per conoscerci<\/h5><\/li><\/ol><h5>Ora vediamo un po&#8217; come puoi fare a farci la tua prima segnalazione.<\/h5><div>\u00a0<\/div><h5><strong>CHI SEGNALARE<\/strong><\/h5><h5><strong>Imprenditori, CEO o HR manager di Aziende alla ricerca di personale qualificato in tutta italia.<\/strong><\/h5><h5>Pensa a chi frequenti nella tua palestra, oppure scorri la rubrica del tuo<\/h5><h5>telefono, oppure dai un occhio agli amici sui social.<\/h5><h5>\u200c<\/h5><h5><strong>COSA SEGNALARE<\/strong><\/h5><h5><strong>Opportunit\u00e0 di trovare la persona giusta da inserire in un ruolo specifico che resti in azienda il pi\u00f9 possibile garantendo una seconda selezione gratuita per tutto il periodo di prova del candidato.<\/strong><\/h5><h5>\u200c<\/h5><h5><strong>COME SEGNALARE<\/strong><\/h5><h5>Un buon esempio di contatto potrebbe essere questo:<\/h5><h5>Collaboro con una societ\u00e0 che \u00e8 specializzata nel trovare, per aziende come la tua, personale qualificato da inserire in tempi brevi con grande professionalit\u00e0 e che rimanga a lungo in azienda.<\/h5><h5>Sai\u2026 a volte basta davvero poco per trovare il candidato ideale quando ti affidi a una societ\u00e0 specializzata e con 20 anni di esperienza (con un software proprietario). In pi\u00f9 ti forniscono oltre al tradizionale CV anche un report dettagliato del candidato e una relazione sul perch\u00e9 sarebbe la figura giusta per te.<\/h5><div>\u00a0<\/div><h5>Quello che possono fare per te \u00e8 raccontato nel video di apertura e, nel caso tu ancora non l\u2019abbia visto, ti suggeriamo di investire 5 minuti per farlo.<\/h5><div>\u00a0<\/div><h5>Effettua la segnalazione all\u2019interno dell\u2019APP e resta aggiornato sull\u2019andamento della trattativa, fino a quando ti chiameremo per ritirare la tua provvigione.<\/h5>\t\t\t\t\t\t\t\t<\/div>\n\t\t\t\t<\/div>\n\t\t\t\t\t<\/div>\n\t\t<\/div>\n\t\t\t\t\t<\/div>\n\t\t<\/section>\n\t\t\t\t<section class=\"elementor-section elementor-top-section elementor-element elementor-element-942d24b elementor-section-boxed elementor-section-height-default elementor-section-height-default\" data-id=\"942d24b\" data-element_type=\"section\" data-e-type=\"section\" data-settings=\"{&quot;background_background&quot;:&quot;classic&quot;}\">\n\t\t\t\t\t\t<div class=\"elementor-container elementor-column-gap-default\">\n\t\t\t\t\t<div class=\"elementor-column elementor-col-100 elementor-top-column elementor-element elementor-element-e85f19e\" data-id=\"e85f19e\" data-element_type=\"column\" data-e-type=\"column\">\n\t\t\t<div class=\"elementor-widget-wrap elementor-element-populated\">\n\t\t\t\t\t\t<div class=\"elementor-element elementor-element-03c386f elementor-widget elementor-widget-heading\" data-id=\"03c386f\" data-element_type=\"widget\" data-e-type=\"widget\" data-widget_type=\"heading.default\">\n\t\t\t\t<div class=\"elementor-widget-container\">\n\t\t\t\t\t<h4 class=\"elementor-heading-title elementor-size-default\">Se vuoi entrare nel nostro CLUB, il primo passo \u00e8 farci sapere che sei interessato e a conoscerci meglio.\n\n\nCompila il form qui sotto, riceverai una mail con tutte le informazioni, il link dell'APP e sarai contattato nei prossimi giorni dal nostro Referral Director<\/h4>\t\t\t\t<\/div>\n\t\t\t\t<\/div>\n\t\t\t\t\t<\/div>\n\t\t<\/div>\n\t\t\t\t\t<\/div>\n\t\t<\/section>\n\t\t\t\t<section class=\"elementor-section elementor-top-section elementor-element elementor-element-8512609 elementor-section-boxed elementor-section-height-default elementor-section-height-default\" data-id=\"8512609\" data-element_type=\"section\" data-e-type=\"section\">\n\t\t\t\t\t\t<div class=\"elementor-container elementor-column-gap-default\">\n\t\t\t\t\t<div class=\"elementor-column elementor-col-100 elementor-top-column elementor-element elementor-element-78e4ec2\" data-id=\"78e4ec2\" data-element_type=\"column\" data-e-type=\"column\">\n\t\t\t<div class=\"elementor-widget-wrap elementor-element-populated\">\n\t\t\t\t\t\t<div class=\"elementor-element elementor-element-8d24ac1 elementor-widget elementor-widget-html\" data-id=\"8d24ac1\" data-element_type=\"widget\" data-e-type=\"widget\" data-widget_type=\"html.default\">\n\t\t\t\t<div class=\"elementor-widget-container\">\n\t\t\t\t\t\n                    <link rel=\"stylesheet\" href=\"https:\/\/cdn.jsdelivr.net\/npm\/sweetalert2@11\/dist\/sweetalert2.min.css\">\n                <form id=\"ref_form\" method=\"post\" action=\"https:\/\/momconsulting.segnalazionevincente.com\/migareference\/public_optinlanding\/subscribev3\" target=\"_blank\" style=\"border: 3px solid #f1f1f1;font-family: Arial;\">\n                    <div style=\"padding: 20px;background-color:white;\">\n                        <small style=\"error-text\" class=\"error-message\" id=\"exception-error\"><\/small>\n                        <p>Nome *<\/p>\n                        <input style=\"width: 100%;padding: 12px; margin: 8px 0;display: inline-block;border: 1px solid #ccc;box-sizing: border-box;\" type=\"text\" name=\"firstname\"required>\n                        <small style=\"error-text\" class=\"error-message\" id=\"firstname-error\"><\/small>\n                        <p>Cognome *<\/p>\n                        <input style=\"width: 100%;padding: 12px; margin: 8px 0;display: inline-block;border: 1px solid #ccc;box-sizing: border-box;\" type=\"text\" name=\"lastname\"required>\n                        <small style=\"error-text\" class=\"error-message\" id=\"lastname-error\"><\/small>\n                        <p>Indirizzo Email *<\/p>\n                        <input style=\"width: 100%;padding: 12px; margin: 8px 0;display: inline-block;border: 1px solid #ccc;box-sizing: border-box;\" type=\"email\" name=\"email\" required>\n                        <small style=\"error-text\" class=\"error-message\" id=\"email-error\"><\/small>\n                        <p>Cellulare *<\/p>\n                        <input style=\"height:46px; width: 100%;padding: 12px; margin: 8px 0;display: inline-block;border: 1px solid #ccc;box-sizing: border-box;\" type=\"text\" value=\"+39\" name=\"mobile\" required>\n                        <small style=\"error-text\" class=\"error-message\" id=\"mobile-error\"><\/small>\n\t\t\t\t\t\t                        <p>Data Nascita *<\/p>\n                        <input style=\"height:46px; width: 100%;padding: 12px; margin: 8px 0;display: inline-block;border: 1px solid #ccc;box-sizing: border-box;\" type=\"date\"  name=\"birthdate\" required>\n                        <small style=\"error-text\" class=\"error-message\" id=\"birthdate-error\"><\/small>\n                        <p class=\"\">Seleziona Professione *<\/p>\n                        <select id=\"job_id\" class=\"\" name=\"job_id\" style=\"display:none;width: 100%;height:46px;padding: 12px; margin: 8px 0;display: inline-block;border: 1px solid #ccc;box-sizing: border-box;\">                                                \n                        <\/select>\n                        <small style=\"error-text\" class=\"error-message\" id=\"job_id-error\"><\/small>\n                        <p class=\"\">Select Sector *<\/p>\n                        <select id=\"profession_id\" class=\"\" name=\"profession_id\" style=\"display:none;width: 100%;height:46px;padding: 12px; margin: 8px 0;display: inline-block;border: 1px solid #ccc;box-sizing: border-box;\">                                                \n                        <\/select>\n                        <small style=\"error-text\" class=\"error-message\" id=\"profession_id-error\"><\/small>\n                        <p class=\"sponsor_list\">Chi ti ha invitato ad essere Segnalatore? *<\/p>\n                        <select id=\"sponsor_id\" class=\"sponsor_list\" name=\"sponsor_id\" style=\"display:none;width: 100%;height:46px;padding: 12px; margin: 8px 0;display: inline-block;border: 1px solid #ccc;box-sizing: border-box;\">                                                \n                        <\/select>\n                        <small style=\"error-text\" class=\"error-message\" id=\"sponsor_id-error\"><\/small>\n                        <p class=\"province_list\">Provincia di Residenza *<\/p>\n                        <select id=\"province_id\" class=\"province_list\" name=\"province_id\" style=\"display:none;width: 100%;height:46px;padding: 12px; margin: 8px 0;display: inline-block;border: 1px solid #ccc;box-sizing: border-box;\">                                                \n                        <\/select>\n                        <small style=\"error-text\" class=\"error-message\" id=\"province_id-error\"><\/small>\n                        <input type=\"hidden\" name=\"app_id\" value=\"1\">\n                        <input type=\"hidden\" name=\"value_id\" value=\"44\">                        \n                        <input type=\"hidden\" id=\"sponsord_by\" name=\"sponsord_by\" value=\"\">\n                        <br>\n                        <br>\n                        <label>\n                        <input  name=\"privacy\" type=\"checkbox\" required>\n                        <small style=\"error-text\" class=\"error-message\" id=\"privacy-error\"><\/small>\n                        <span><\/span>                         \n                        <a href=\"https:\/\/momconsulting.segnalazionevincente.com\/application\/privacypolicy\/index\/id\/overview\" target=\"_blank\" > Accetto la Informativa Privacy <\/a>                        \n                        <\/label>\n                        <label>\n                        <br>\n                        <br>\n                        <input  name=\"consent\" type=\"checkbox\" checked=\"checked\" required> \n                        <small style=\"error-text\" class=\"error-message\" id=\"consent-error\"><\/small>\n                        <a href=\"https:\/\/momconsulting.segnalazionevincente.com\/application\/privacypolicy\/index\/id\/overview\" target=\"_blank\" > Consenso per essere richiamato <\/a>                        \n                        <\/label>\n\t\t\t\t\t\t                          \n                        <br>\n                        <br>\n                        <small style=\"error-text\" class=\"error-message\" id=\"captcha-error\"><\/small>\n                        <p>Enter the SUM of the numbers shown in image <\/p>\n                        <div id=\"captcha_cotainer\">            \n                        <div>\n                        <span id=\"c-img-con\" style=\"float:left;\"><\/span>\n                        <input style=\"padding: 12px; display: inline-block;border: 1px solid #ccc;box-sizing: border-box;\" type=\"text\" name=\"c_img_fi\"required>\n                        <\/div>\n                        <\/div>                        \n                        <input id='track_id' type=\"hidden\" name=\"track_id\" value=\"\">\n                    <\/div>\n                    <div style=\"padding: 20px;background-color: #f1f1f1;text-align: center;\">\n                        <button class = \"subscription_button g-recaptcha\"  style=\"width: 100%;padding: 12px; margin: 8px 0;cursor:pointer;display: inline-block;border: 1px solid #ccc;box-sizing: border-box;background-color: #155eac;color: #ffffff;border: none;\" data-sitekey=\"6LdMEUApAAAAAJcxL4F-rbULHjFebG8xOS707wUA\" \n                    data-callback='onSubmit' \n                    data-action='submit'>Si. voglio candidarmi!<\/button>\n                    <\/div>\n                <\/form>\n                <div id=\"loader\" style=\"display:none; position: fixed; left: 0; top: 0; width: 100%; height: 100%; z-index: 9999; background: rgba(255,255,255,0.8) url('https:\/\/momconsulting.segnalazionevincente.com\/app\/local\/modules\/Migareference\/resources\/appicons\/loader.gif') 50% 50% no-repeat;\"><\/div>\n                \n                <script\n                src=\"https:\/\/cdn.jsdelivr.net\/npm\/sweetalert2@11\">\n                <\/script>\n                <script\n                src=\"https:\/\/ajax.googleapis.com\/ajax\/libs\/jquery\/3.6.0\/jquery.min.js\">\n                <\/script>\n                <script\n                src=\"https:\/\/www.google.com\/recaptcha\/api.js\">\n                <\/script>\n                <style>\n                .error-message{\n                    color: red;\n                    font-size: 12px;\n                }\n                <\/style>\n                <script>\n                function onSubmit(token) {\n                    submitForm();\n                }\n                function submitForm() {\n                    $(\"#loader\").show();\n                    $.ajax({\n                        url: $('#ref_form').attr('action'),\n                        type: 'POST',\n                        dataType: 'json',\n                        data: $('#ref_form').serialize(),\n                        success: function(response) {\n                            $('.error-message').html(''); \/\/ Clear any previous error messages\n                            $(\"#loader\").hide();\n                            if (response.success) {\n                                if (response.is_redirect) {\n                                    \/\/ Redirect to the provided URL and close the current window\n                                    window.open(response.redirect_url, '_blank');\n                                    window.close();\n                                } else {\n                                    \/\/ Show SweetAlert success message\n                                    Swal.fire({\n                                        icon: 'success',\n                                        title: response.success_title,\n                                        text: response.success_message\n                                    }).then(() => {\n                                        document.getElementById('ref_form').reset(); \/\/ Reset the form\n                                    });\n                                }\n                            } else {\n                                window.scrollTo({ top: 0, behavior: 'smooth' });\n                                displayErrors(response.errors);\n                            }\n                        },\n                        error: function() {\n                            $(\"#loader\").hide();\n                            alert('An error occurred. Please try again.');\n                        }\n                    });\n                }\n\n                function displayErrors(errors) {                                \n                    for (let key in errors) {\n                        if (errors.hasOwnProperty(key)) {                    \n                            $('#' + key + '-error').html(errors[key]);\n                        }\n                    }\n                }\n                  loadSettings();\n                    function loadSettings() {\n                    $.ajax({\n                            url: 'https:\/\/momconsulting.segnalazionevincente.com\/migareference\/public_optinlanding\/loadsettings',\n                            type: 'POST',\n                            dataType: 'json',\n                            data: {app_id: 1}\n                        })\n                        .done(function(data) {\n                           $(\"#sponsor_id\").html(\"\").append(data.agent_option);\n                           $(\"#province_id\").html(\"\").append(data.province_list);\n                           $(\"#job_id\").html(\"\").append(data.job_list);\n                           $(\"#profession_id\").html(\"\").append(data.profession_list);\n                           $(\"#profession_id\").html(\"\").append(data.profession_list);\n                           $(\"#c-img-con\").html(\"\").append(data.c_img);\n                           $(\"#track_id\").val(data.track_id);\n\t\t\t\t\t\t                              $(\".sponsor_list\").css(\"display\", data.sponsor_display);\n                           $(\".province_list\").css(\"display\", data.province_display);\n\t\t\t\t\t\t    \n                           const urlParams = new URLSearchParams(window.location.search);                               \n                           $(\"#sponsord_by\").val(urlParams.get('agval'));\n                        });\n                    }\n                <\/script>\n                \t\t\t\t<\/div>\n\t\t\t\t<\/div>\n\t\t\t\t\t<\/div>\n\t\t<\/div>\n\t\t\t\t\t<\/div>\n\t\t<\/section>\n\t\t\t\t<section class=\"elementor-section elementor-top-section elementor-element elementor-element-762bce4 elementor-section-boxed elementor-section-height-default elementor-section-height-default\" data-id=\"762bce4\" data-element_type=\"section\" data-e-type=\"section\">\n\t\t\t\t\t\t<div class=\"elementor-container elementor-column-gap-default\">\n\t\t\t\t\t<div class=\"elementor-column elementor-col-100 elementor-top-column elementor-element elementor-element-9b1cfa6\" data-id=\"9b1cfa6\" data-element_type=\"column\" data-e-type=\"column\">\n\t\t\t<div class=\"elementor-widget-wrap\">\n\t\t\t\t\t\t\t<\/div>\n\t\t<\/div>\n\t\t\t\t\t<\/div>\n\t\t<\/section>\n\t\t\t\t<section class=\"elementor-section elementor-top-section elementor-element elementor-element-13c00b9 elementor-section-boxed elementor-section-height-default elementor-section-height-default\" data-id=\"13c00b9\" data-element_type=\"section\" data-e-type=\"section\">\n\t\t\t\t\t\t<div class=\"elementor-container elementor-column-gap-default\">\n\t\t\t\t\t<div class=\"elementor-column elementor-col-100 elementor-top-column elementor-element elementor-element-4152e34\" data-id=\"4152e34\" data-element_type=\"column\" data-e-type=\"column\">\n\t\t\t<div class=\"elementor-widget-wrap elementor-element-populated\">\n\t\t\t\t\t\t<div class=\"elementor-element elementor-element-2bd7f14 elementor-widget elementor-widget-text-editor\" data-id=\"2bd7f14\" data-element_type=\"widget\" data-e-type=\"widget\" data-widget_type=\"text-editor.default\">\n\t\t\t\t<div class=\"elementor-widget-container\">\n\t\t\t\t\t\t\t\t\t<p style=\"text-align: center;\"><strong><span dir=\"ltr\" role=\"presentation\">Mom Consulting sas<\/span><\/strong><\/p><p style=\"text-align: center;\">Via Pompeo Giustiniani 5- 34072 Gradisca D&#8217; Isonzo (GO)<\/p><p style=\"text-align: center;\">C.F.\/P.IVA : 01265600310<\/p>\t\t\t\t\t\t\t\t<\/div>\n\t\t\t\t<\/div>\n\t\t\t\t\t<\/div>\n\t\t<\/div>\n\t\t\t\t\t<\/div>\n\t\t<\/section>\n\t\t\t\t<section class=\"elementor-section elementor-top-section elementor-element elementor-element-2748f2f elementor-section-boxed elementor-section-height-default elementor-section-height-default\" data-id=\"2748f2f\" data-element_type=\"section\" data-e-type=\"section\">\n\t\t\t\t\t\t<div class=\"elementor-container elementor-column-gap-default\">\n\t\t\t\t\t<div class=\"elementor-column elementor-col-100 elementor-top-column elementor-element elementor-element-4be0a88\" data-id=\"4be0a88\" data-element_type=\"column\" data-e-type=\"column\">\n\t\t\t<div class=\"elementor-widget-wrap elementor-element-populated\">\n\t\t\t\t\t\t<div class=\"elementor-element elementor-element-5e6dce6 elementor-widget elementor-widget-text-editor\" data-id=\"5e6dce6\" data-element_type=\"widget\" data-e-type=\"widget\" data-widget_type=\"text-editor.default\">\n\t\t\t\t<div class=\"elementor-widget-container\">\n\t\t\t\t\t\t\t\t\t<p style=\"text-align: center;\"><em>Questo servizio \u00e8 stato realizzato grazie a www.segnalazionevincente.com<\/em><\/p>\t\t\t\t\t\t\t\t<\/div>\n\t\t\t\t<\/div>\n\t\t\t\t\t<\/div>\n\t\t<\/div>\n\t\t\t\t\t<\/div>\n\t\t<\/section>\n\t\t\t\t<\/div>\n\t\t","protected":false},"excerpt":{"rendered":"<p>Per lavorare come segnalatore non serve una partita IVA, quindi puoi farlo occasionalmente anche come privato. Superati i 5000 \u20ac di provvigioni incassate dovrai aprirti la tua partita IVA. Se hai gi\u00e0 un conoscente da<\/p>\n","protected":false},"author":1,"featured_media":0,"parent":0,"menu_order":0,"comment_status":"open","ping_status":"closed","template":"","meta":{"footnotes":""},"class_list":["post-701","page","type-page","status-publish","hentry"],"_links":{"self":[{"href":"https:\/\/www.momconsulting.eu\/index.php?rest_route=\/wp\/v2\/pages\/701","targetHints":{"allow":["GET"]}}],"collection":[{"href":"https:\/\/www.momconsulting.eu\/index.php?rest_route=\/wp\/v2\/pages"}],"about":[{"href":"https:\/\/www.momconsulting.eu\/index.php?rest_route=\/wp\/v2\/types\/page"}],"author":[{"embeddable":true,"href":"https:\/\/www.momconsulting.eu\/index.php?rest_route=\/wp\/v2\/users\/1"}],"replies":[{"embeddable":true,"href":"https:\/\/www.momconsulting.eu\/index.php?rest_route=%2Fwp%2Fv2%2Fcomments&post=701"}],"version-history":[{"count":19,"href":"https:\/\/www.momconsulting.eu\/index.php?rest_route=\/wp\/v2\/pages\/701\/revisions"}],"predecessor-version":[{"id":2061,"href":"https:\/\/www.momconsulting.eu\/index.php?rest_route=\/wp\/v2\/pages\/701\/revisions\/2061"}],"wp:attachment":[{"href":"https:\/\/www.momconsulting.eu\/index.php?rest_route=%2Fwp%2Fv2%2Fmedia&parent=701"}],"curies":[{"name":"wp","href":"https:\/\/api.w.org\/{rel}","templated":true}]}}